{"id":3195,"date":"2023-02-20T08:00:28","date_gmt":"2023-02-20T06:00:28","guid":{"rendered":"https:\/\/rentacarhermes.gr\/bedingungen-und-voraussetzungen\/"},"modified":"2023-03-12T12:08:12","modified_gmt":"2023-03-12T10:08:12","slug":"bedingungen-und-voraussetzungen","status":"publish","type":"page","link":"https:\/\/rentacarhermes.gr\/de\/bedingungen-und-voraussetzungen\/","title":{"rendered":"BEDINGUNGEN UND VORAUSSETZUNGEN"},"content":{"rendered":"<p><strong>HERMES RENT A CAR<\/strong> <strong>BEDINGUNGEN<\/strong> <strong>UND VORAUSSETZUNGEN<\/strong><\/p>\n<p>&nbsp;<\/p>\n<p><strong>Mindestmietzeit <\/strong><\/p>\n<p>Die Mindestmietdauer betr\u00e4gt einen Tag (= 24 Stunden).<\/p>\n<p><strong>Alter des Fahrers <\/strong><\/p>\n<p>F\u00fcr A, A1 und B1 liegt das Mindestalter f\u00fcr die Anmietung bei 21 Jahren. F\u00fcr alle anderen Kategorien ist das Mindestmietalter 23 Jahre. Das H\u00f6chstalter f\u00fcr die Anmietung ist 75 Jahre. Alle Fahrer m\u00fcssen seit mindestens einem Jahr im Besitz eines F\u00fchrerscheins sein.   <\/p>\n<p><strong>F\u00fchrerschein <\/strong><\/p>\n<p>Fahrer m\u00fcssen im Besitz eines g\u00fcltigen F\u00fchrerscheins sein, der in der Europ\u00e4ischen Union oder der Schweiz, Serbien, Albanien, den Vereinigten Staaten von Amerika, Kanada, Australien, Japan, S\u00fcdafrika, S\u00fcdkorea und den L\u00e4ndern der ehemaligen Sowjetunion ausgestellt wurde. Kraftfahrer von au\u00dferhalb der Europ\u00e4ischen Union ben\u00f6tigen einen internationalen F\u00fchrerschein.  Alle Fahrer m\u00fcssen seit mindestens einem Jahr im Besitz eines F\u00fchrerscheins sein.<\/p>\n<p><strong>Weiterer Fahrer<\/strong><\/p>\n<p>Wir berechnen 3 EUR pro Tag f\u00fcr jeden weiteren Fahrer.<\/p>\n<p><strong> Zahlungsbedingungen <\/strong><\/p>\n<p>Die gesamte Zahlung muss bei der \u00dcbergabe des Fahrzeugs entweder in bar, mit Visa, Maestro oder Master Card erfolgen.<\/p>\n<p><strong>Nutzung des Fahrzeugs <\/strong><\/p>\n<p>Normale Autos (au\u00dfer Jeeps) sind nur auf Asphaltstra\u00dfen erlaubt. Wenn Sie mit einem normalen Auto im Gel\u00e4nde fahren, sind Sie f\u00fcr die Reparatur von Sch\u00e4den am Fahrgestell, an den Achsen und Reifen des Fahrzeugs sowie f\u00fcr die Kosten f\u00fcr den Austausch des Innenraumluftfilters verantwortlich. Au\u00dferdem werden Reinigungskosten anfallen.  <\/p>\n<p><strong>\u00dcbergabe des Fahrzeugs <\/strong><\/p>\n<p>Es liegt in der Verantwortung des Mieters, den Zustand des Fahrzeugs zu \u00fcberpr\u00fcfen und sicherzustellen, dass alle vorhandenen Sch\u00e4den bei der \u00dcbergabe des Fahrzeugs im Mietvertrag vermerkt werden. Sch\u00e4den, die nicht im Mietvertrag vermerkt sind und bei der R\u00fcckgabe des Fahrzeugs festgestellt werden, gehen zu Lasten des Mieters. <\/p>\n<p><strong>R\u00fcckgabe des Fahrzeugs <\/strong><\/p>\n<p>Sofern im Mietvertrag nicht anders angegeben, muss das Fahrzeug zur vereinbarten Zeit an der gleichen Vermietstation zur\u00fcckgegeben werden, an der es \u00fcbernommen wurde (bei versp\u00e4teter R\u00fcckgabe wird ein ganzer Miettag berechnet). Wenn Sie das Fahrzeug an einem anderen Standort zur\u00fcckgeben m\u00f6chten, teilen Sie uns dies bitte so schnell wie m\u00f6glich mit, da hierf\u00fcr zus\u00e4tzliche Kosten anfallen k\u00f6nnen. Wird das Fahrzeug mit stark verschmutztem Innenraum zur\u00fcckgegeben, wird eine Geb\u00fchr von 15 Euro f\u00fcr die Reinigung erhoben.  <\/p>\n<p><strong>Vorzeitige R\u00fcckgabe des Fahrzeugs <\/strong><\/p>\n<p>Der Mietzeitraum beginnt und endet gem\u00e4\u00df den im Mietvertrag angegebenen Abhol- und R\u00fcckgabedaten und -zeiten. Die Preise werden zum Zeitpunkt der Buchung best\u00e4tigt und auf 24-Stunden-Basis berechnet. F\u00fcr versp\u00e4tet abgeholte oder vorzeitig zur\u00fcckgegebene Fahrzeuge wird keine R\u00fcckerstattung gew\u00e4hrt.  <\/p>\n<p><strong>Sch\u00e4den am Fahrzeug <\/strong><\/p>\n<p>Im Falle einer Panne oder eines technischen Problems rufen Sie bitte die Support-Hotline an. Wir werden einen Mechaniker schicken, um das Problem zu bewerten, wenn er es zu diesem Zeitpunkt nicht reparieren kann, werden wir das Fahrzeug ersetzen. Wenn der Schaden\/das technische Problem durch Missbrauch oder Nichteinhaltung einer unserer Bedingungen verursacht wurde, haben wir das Recht, das Fahrzeug zur\u00fcckzunehmen und den Mietvertrag ohne Ersatz oder Erstattung zu k\u00fcndigen.  <\/p>\n<p><strong>Betriebszeiten\/Erstattungen <\/strong><\/p>\n<p>Unsere Betriebszeiten sind:<\/p>\n<p>Flughafen: Montag &#8211; Sonntag 08:00- 21:00<\/p>\n<p>Thassos Hauptb\u00fcro: Montag &#8211; Sonntag 08:30 &#8211; 13:00 und 17:00 &#8211; 21:00<\/p>\n<p>F\u00fcr Dienstleistungen au\u00dferhalb der \u00d6ffnungszeiten wird eine Geb\u00fchr von 20 Euro erhoben.<\/p>\n<p><strong>Kraftstoff <\/strong><\/p>\n<p>Das Fahrzeug muss mit dem gleichen Kraftstoffstand wie bei der \u00dcbernahme zur\u00fcckgegeben werden. Dies wird im Mietvertrag vermerkt. Es gibt keine R\u00fcckerstattung f\u00fcr zus\u00e4tzlichen Kraftstoff.  <\/p>\n<p><strong>Fahrzeugkategorien <\/strong><\/p>\n<p>Jede Fahrzeugkategorie besteht aus verschiedenen Fahrzeugmodellen mit \u00e4hnlichen Merkmalen. Wir garantieren nicht, dass Sie genau die Marke, das Modell oder die Farbe erhalten, die Sie angefordert haben. Wir garantieren, dass Sie ein Fahrzeug der von Ihnen gebuchten Kategorie oder einer h\u00f6heren Kategorie erhalten, wenn die von Ihnen gew\u00e4hlte Kategorie nicht verf\u00fcgbar ist. <\/p>\n<p><strong>Stornierung einer Reservierung<\/strong><\/p>\n<p>Wir bieten eine kostenlose Stornierung aller Reservierungen an. Bitte informieren Sie uns so schnell wie m\u00f6glich \u00fcber alle \u00c4nderungen Ihrer Buchung. <\/p>\n<p><strong>Verst\u00f6\u00dfe gegen das Gesetz<\/strong><\/p>\n<p>Alle Strafen und Bu\u00dfgelder, die w\u00e4hrend des Mietzeitraums verh\u00e4ngt werden, gehen zu Lasten des Mieters.<\/p>\n<p><strong>Fahrt mit der F\u00e4hre<\/strong><\/p>\n<p>Wir erlauben unseren Fahrzeugen, mit der F\u00e4hre von\/nach der Insel Thassos zu fahren. Fahrten mit der F\u00e4hre zu anderen Inseln sind nur mit schriftlicher Genehmigung von Hermes rent a car erlaubt. <\/p>\n<p><strong>Haustiere <\/strong><\/p>\n<p>Mit unserer Erlaubnis k\u00f6nnen Sie Ihre Haustiere mitnehmen. Sie m\u00fcssen jedoch stets in einem geeigneten Transportbox f\u00fcr Haustiere untergebracht sein. Bei Anzeichen von Tierhaaren, Federn oder Flecken wird eine Reinigungsgeb\u00fchr von 40 Euro erhoben.  <\/p>\n<p><strong>Rauchen<\/strong><\/p>\n<p>Das Rauchen ist in den Fahrzeugen strengstens verboten. Bei nachgewiesenem Rauchen im Auto wird eine Reinigungs-\/Rauchergeb\u00fchr von 80 Euro erhoben. <\/p>\n<p><strong>Entfernung in Meilen<\/strong><\/p>\n<p>F\u00fcr Kurzzeitmieten gelten Kilometergrenzen. Falls zutreffend, werden Sie zum Zeitpunkt der Buchung\/Mietvertrag dar\u00fcber informiert. <\/p>\n<p><strong>Schl\u00fcssel<\/strong><\/p>\n<p>Schl\u00fcssel und Schl\u00fcsselanh\u00e4nger sind nicht durch unsere Versicherungen abgedeckt. Die Kosten f\u00fcr Ersatz\/Reparatur gehen zu Lasten des Mieters. F\u00fcr die Wiederbeschaffung von im Fahrzeug eingeschlossenen Schl\u00fcsseln berechnen wir eine Geb\u00fchr.  <\/p>\n<p><strong>Grenz\u00fcberschreitende Anmietungen<\/strong><\/p>\n<p>Grenz\u00fcberschreitende Anmietungen sind strengstens untersagt.<\/p>\n<p><strong>Baby-\/Kindersitze<\/strong><\/p>\n<p>T\u00e4gliche Geb\u00fchr 3 EUR pro Kindersitz, h\u00f6chstens jedoch 24 EUR. Kindersitze\/Kopfkissen werden kostenlos zur Verf\u00fcgung gestellt. <\/p>\n<p><strong>Im Falle eines Unfalls oder einer Besch\u00e4digung des Fahrzeugs<\/strong><\/p>\n<ul>\n<li>-bitte informieren Sie Hermes rent a car sofort.<\/li>\n<li>-\u00dcbernehmen Sie unter keinen Umst\u00e4nden die Haftung.<\/li>\n<li>-Melden Sie den Unfall bei der Polizei und erstellen Sie einen Unfallbericht.<\/li>\n<li>-Notieren Sie die Namen, Adressen und Telefonnummern aller Beteiligten und eventueller<\/li>\n<li>-Entfernen Sie das Fahrzeug nicht vom Unfallort, sondern nur auf Aufforderung der Polizei, von Hermes rent a car oder eines Vertreters unserer Versicherer. <\/li>\n<\/ul>\n<p>Verzicht auf Kaskosch\u00e4den<\/p>\n<p><strong>Die folgenden Versicherungen sind in den Mietpreisen enthalten:<\/strong><\/p>\n<ul>\n<li>-Todesfall und Personensch\u00e4den f\u00fcr alle Dritten und Insassen des von Hermes rent a car gemieteten Fahrzeugs bis zu einer H\u00f6he von 1.200.000 Euro<\/li>\n<li>-Sachsch\u00e4den an Dritten bis zu einem H\u00f6chstbetrag von 1.300.000 Euro<\/li>\n<li>-Die pers\u00f6nliche Unfallversicherung des Fahrers (PAI) bietet Schutz bei Verletzungen oder vollst\u00e4ndiger Invalidit\u00e4t bis zu einem H\u00f6chstbetrag von 12.000 Euro.<\/li>\n<li>-Feuer- und Diebstahlversicherung f\u00fcr den Mietwagen<\/li>\n<\/ul>\n<p>Wenn Sie einen Unfall oder Schaden am Mietwagen von Hermes rent a car zu verantworten haben, gilt folgende H\u00f6chstleistung<\/p>\n<p>Kategorie Selbstbeteiligung<\/p>\n<p>A, A1, B1 300 Euro<\/p>\n<p>C1 , R 500 Euro<\/p>\n<p>E , K , S , S1 , KS 800 Euro<\/p>\n<p><strong>Vollst\u00e4ndiger Verzicht auf Sch\u00e4den<\/strong><\/p>\n<p>Sie k\u00f6nnen die oben genannten Zusatzkosten vermeiden, indem Sie f\u00fcr 9 Euro pro Tag eine Vollkaskoversicherung abschlie\u00dfen. Dieser Preis gilt f\u00fcr alle Fahrzeugkategorien und deckt auch Achsen, Reifen, Fahrgestell und Fenster ab.<\/p>\n<p><strong>Ausnahme vom Versicherungsschutz<\/strong><\/p>\n<p>Die Versicherung ist unwirksam, und der Mieter ist f\u00fcr die volle Bezahlung aller Sch\u00e4den, einschlie\u00dflich der Sch\u00e4den Dritter, verantwortlich, wenn einer der folgenden Punkte zutrifft:<\/p>\n<ul>\n<li>&#8211; Sie stehen unter dem Einfluss von Drogen, Alkohol oder anderen Substanzen, die Ihr Urteilsverm\u00f6gen oder Ihre Reaktionsf\u00e4higkeit beeintr\u00e4chtigen k\u00f6nnen<\/li>\n<li>-Sie halten nach einem Unfall nicht an oder unterlassen es, einen Unfall bei Hermes rent a car oder der Polizei (Tel. +30 100) zu melden.<\/li>\n<li>-Das Fahrzeug wird f\u00fcr illegale Zwecke verwendet, z. B. Schmuggel, Diebstahl, illegale Bef\u00f6rderung oder kommerzielle Nutzung.<\/li>\n<li>-Fahren mit \u00dcberladung (vier Sicherheitsgurte = vier Passagiere)<\/li>\n<li>-das Fahrzeug wird von einer nicht im Mietvertrag genannten Person gefahren<\/li>\n<li>-Das Fahrzeug wird f\u00fcr Rennen oder andere Wettbewerbe genutzt.<\/li>\n<li>-Das Fahrzeug wird auf nicht zugelassenen Stra\u00dfen gefahren, z. B. auf nicht asphaltierten Stra\u00dfen oder Str\u00e4nden.<\/li>\n<li>&#8211; gegen ein griechisches Verkehrsgesetz versto\u00dfen<\/li>\n<\/ul>\n<p><strong>Unfallmanagement<\/strong><\/p>\n<p>Im Falle eines Unfalls erheben wir eine Verwaltungsgeb\u00fchr von 25 Euro, unabh\u00e4ngig davon, wer daf\u00fcr verantwortlich ist.<\/p>\n<p><strong>Steuern<\/strong><\/p>\n<p>Die Preise enthalten alle lokalen und nationalen Steuern<\/p>\n","protected":false},"excerpt":{"rendered":"<p>HERMES RENT A CAR BEDINGUNGEN UND VORAUSSETZUNGEN &nbsp; Mindestmietzeit Die Mindestmietdauer betr\u00e4gt einen Tag (= 24 Stunden). Alter des Fahrers F\u00fcr A, A1 und B1 liegt das Mindestalter f\u00fcr die Anmietung bei 21 Jahren. F\u00fcr alle anderen Kategorien ist das Mindestmietalter 23 Jahre. Das H\u00f6chstalter f\u00fcr die Anmietung ist 75 Jahre. Alle Fahrer m\u00fcssen seit [&hellip;]<\/p>\n","protected":false},"author":1,"featured_media":0,"parent":0,"menu_order":0,"comment_status":"closed","ping_status":"closed","template":"","meta":{"footnotes":""},"class_list":["post-3195","page","type-page","status-publish","hentry"],"_links":{"self":[{"href":"https:\/\/rentacarhermes.gr\/de\/wp-json\/wp\/v2\/pages\/3195","targetHints":{"allow":["GET"]}}],"collection":[{"href":"https:\/\/rentacarhermes.gr\/de\/wp-json\/wp\/v2\/pages"}],"about":[{"href":"https:\/\/rentacarhermes.gr\/de\/wp-json\/wp\/v2\/types\/page"}],"author":[{"embeddable":true,"href":"https:\/\/rentacarhermes.gr\/de\/wp-json\/wp\/v2\/users\/1"}],"replies":[{"embeddable":true,"href":"https:\/\/rentacarhermes.gr\/de\/wp-json\/wp\/v2\/comments?post=3195"}],"version-history":[{"count":1,"href":"https:\/\/rentacarhermes.gr\/de\/wp-json\/wp\/v2\/pages\/3195\/revisions"}],"predecessor-version":[{"id":3196,"href":"https:\/\/rentacarhermes.gr\/de\/wp-json\/wp\/v2\/pages\/3195\/revisions\/3196"}],"wp:attachment":[{"href":"https:\/\/rentacarhermes.gr\/de\/wp-json\/wp\/v2\/media?parent=3195"}],"curies":[{"name":"wp","href":"https:\/\/api.w.org\/{rel}","templated":true}]}}