{"id":3218,"date":"2022-12-12T16:04:49","date_gmt":"2022-12-12T14:04:49","guid":{"rendered":"https:\/\/rentacarhermes.gr\/about-us\/"},"modified":"2023-03-22T08:45:58","modified_gmt":"2023-03-22T06:45:58","slug":"about-us","status":"publish","type":"page","link":"https:\/\/rentacarhermes.gr\/de\/about-us\/","title":{"rendered":"\u00dcber uns"},"content":{"rendered":"<div class=\"wpb-content-wrapper\"><p>[vc_row css=&#8220;.vc_custom_1678007085093{margin-top: 5vh !important;}&#8220;][vc_column width=&#8220;1\/2&#8243;][vc_single_image image=&#8220;3164&#8243; img_size=&#8220;full&#8220; alignment=&#8220;center&#8220;][\/vc_column][vc_column width=&#8220;1\/2&#8243;][vc_column_text]ie Hermes Car Rental wurde 1994 gegr\u00fcndet und hat sich zu einer der gr\u00f6\u00dften eigenst\u00e4ndigen Autovermietungen in Nord-Griechenland entwickelt. Wir haben unser Wachstum mit best\u00e4ndigem und hervorragendem Service f\u00fcr unsere Kunden beibehalten (unsere Kunden bleiben uns seit unserer Gr\u00fcndung treu)! Unsere moderne, gut gewartete Flotte verf\u00fcgt \u00fcber Fahrzeuge, die Ihren Anforderungen und Ihrem Budget entsprechen. Wir sind stolz auf unser pers\u00f6nliches Kundenservice und unsere Philosophie, Ihre Bed\u00fcrfnisse in den Vordergrund zu stellen. Unsere Arbeitsweise ist die Lieferung zu Ihnen vor Ort, sowohl von unserem Hauptsitz in Potos als auch von einem unserer St\u00fctzpunkte auf Thassos. Wenn es sich um eine Anmietung am Flughafen handelt, werden wir Sie pers\u00f6nlich im Ankunftsbereich treffen und Ihr Auto wird au\u00dferhalb des Flughafens warten, ohne lange Transferwege![\/vc_column_text][\/vc_column][\/vc_row]<\/p>\n<\/div>","protected":false},"excerpt":{"rendered":"<p>[vc_row css=&#8220;.vc_custom_1678007085093{margin-top: 5vh !important;}&#8220;][vc_column width=&#8220;1\/2&#8243;][vc_single_image image=&#8220;3164&#8243; img_size=&#8220;full&#8220; alignment=&#8220;center&#8220;][\/vc_column][vc_column width=&#8220;1\/2&#8243;][vc_column_text]ie Hermes Car Rental wurde 1994 gegr\u00fcndet und hat sich zu einer der gr\u00f6\u00dften eigenst\u00e4ndigen Autovermietungen in Nord-Griechenland entwickelt. Wir haben unser Wachstum mit best\u00e4ndigem und hervorragendem Service f\u00fcr unsere Kunden beibehalten (unsere Kunden bleiben uns seit unserer Gr\u00fcndung treu)! Unsere moderne, gut gewartete Flotte verf\u00fcgt \u00fcber [&hellip;]<\/p>\n","protected":false},"author":1,"featured_media":0,"parent":0,"menu_order":0,"comment_status":"closed","ping_status":"closed","template":"","meta":{"footnotes":""},"class_list":["post-3218","page","type-page","status-publish","hentry"],"_links":{"self":[{"href":"https:\/\/rentacarhermes.gr\/de\/wp-json\/wp\/v2\/pages\/3218","targetHints":{"allow":["GET"]}}],"collection":[{"href":"https:\/\/rentacarhermes.gr\/de\/wp-json\/wp\/v2\/pages"}],"about":[{"href":"https:\/\/rentacarhermes.gr\/de\/wp-json\/wp\/v2\/types\/page"}],"author":[{"embeddable":true,"href":"https:\/\/rentacarhermes.gr\/de\/wp-json\/wp\/v2\/users\/1"}],"replies":[{"embeddable":true,"href":"https:\/\/rentacarhermes.gr\/de\/wp-json\/wp\/v2\/comments?post=3218"}],"version-history":[{"count":10,"href":"https:\/\/rentacarhermes.gr\/de\/wp-json\/wp\/v2\/pages\/3218\/revisions"}],"predecessor-version":[{"id":3293,"href":"https:\/\/rentacarhermes.gr\/de\/wp-json\/wp\/v2\/pages\/3218\/revisions\/3293"}],"wp:attachment":[{"href":"https:\/\/rentacarhermes.gr\/de\/wp-json\/wp\/v2\/media?parent=3218"}],"curies":[{"name":"wp","href":"https:\/\/api.w.org\/{rel}","templated":true}]}}